{"id":52,"date":"2024-02-13T12:38:38","date_gmt":"2024-02-13T11:38:38","guid":{"rendered":"https:\/\/hestia-facilitation.com\/?page_id=52"},"modified":"2024-02-16T22:57:10","modified_gmt":"2024-02-16T21:57:10","slug":"a-propos","status":"publish","type":"page","link":"https:\/\/hestia-facilitation.com\/index.php\/a-propos\/","title":{"rendered":"A propos"},"content":{"rendered":"<p>[et_pb_section fb_built=&#8221;1&#8243; prev_background_color=&#8221;#EDE7DD&#8221; admin_label=&#8221;Header&#8221; _builder_version=&#8221;4.24.0&#8243; _module_preset=&#8221;default&#8221; background_color=&#8221;rgba(227,215,199,0.2)&#8221; use_background_color_gradient=&#8221;on&#8221; background_color_gradient_direction=&#8221;90deg&#8221; background_color_gradient_stops=&#8221;gcid-1c7f682d-c09a-42e9-8b1c-535ba676533f 65%|rgba(255,255,255,0) 65%&#8221; background_color_gradient_overlays_image=&#8221;on&#8221; background_enable_image=&#8221;off&#8221; custom_margin=&#8221;||0px||false|false&#8221; custom_padding=&#8221;2vw||2vw||false|false&#8221; top_divider_style=&#8221;ramp&#8221; top_divider_flip=&#8221;vertical&#8221; bottom_divider_color=&#8221;#ede7dd&#8221; background_last_edited=&#8221;on|tablet&#8221; background_color_gradient_direction_tablet=&#8221;180deg&#8221; locked=&#8221;off&#8221; collapsed=&#8221;off&#8221; global_colors_info=&#8221;{%22gcid-1c7f682d-c09a-42e9-8b1c-535ba676533f%22:%91%22background_color_gradient_stops%22%93}&#8221;][et_pb_row column_structure=&#8221;1_2,1_2&#8243; _builder_version=&#8221;4.24.0&#8243; _module_preset=&#8221;default&#8221; z_index=&#8221;1&#8243; custom_padding=&#8221;||||false|false&#8221; global_colors_info=&#8221;{}&#8221;][et_pb_column type=&#8221;1_2&#8243; _builder_version=&#8221;4.20.0&#8243; _module_preset=&#8221;default&#8221; z_index=&#8221;10&#8243; z_index_tablet=&#8221;2&#8243; z_index_phone=&#8221;2&#8243; z_index_last_edited=&#8221;on|tablet&#8221; global_colors_info=&#8221;{}&#8221;][et_pb_text _builder_version=&#8221;4.24.0&#8243; _module_preset=&#8221;ff2381cd-be24-4457-8e34-a78d1f029f1b&#8221; text_text_color=&#8221;#456D72&#8243; header_text_color=&#8221;#456D72&#8243; header_font_size=&#8221;46px&#8221; custom_margin=&#8221;27px||-4px||false|false&#8221; custom_padding=&#8221;||||false|false&#8221; global_colors_info=&#8221;{}&#8221;]<\/p>\n<h1>Marie DIDIER-LAURENT<\/h1>\n<p>[\/et_pb_text][et_pb_text _builder_version=&#8221;4.24.0&#8243; _module_preset=&#8221;default&#8221; text_text_color=&#8221;#C47360&#8243; text_font_size=&#8221;24px&#8221; header_text_color=&#8221;#C47360&#8243; hover_enabled=&#8221;0&#8243; global_colors_info=&#8221;{}&#8221; sticky_enabled=&#8221;0&#8243;]<\/p>\n<p>Facilitatrice d&#8217;intelligence collective<\/p>\n<p>[\/et_pb_text][et_pb_divider color=&#8221;#FFD000&#8243; divider_weight=&#8221;2px&#8221; _builder_version=&#8221;4.24.0&#8243; _module_preset=&#8221;default&#8221; custom_margin=&#8221;-10px|-24%|||false|false&#8221; custom_margin_tablet=&#8221;|0%|||false|false&#8221; custom_margin_phone=&#8221;|0%|||false|false&#8221; custom_margin_last_edited=&#8221;on|tablet&#8221; global_colors_info=&#8221;{}&#8221;][\/et_pb_divider][et_pb_text _builder_version=&#8221;4.24.0&#8243; _module_preset=&#8221;ff2381cd-be24-4457-8e34-a78d1f029f1b&#8221; text_text_color=&#8221;#456D72&#8243; text_font_size=&#8221;14px&#8221; header_font=&#8221;Belleza||||||||&#8221; header_text_color=&#8221;#456D72&#8243; header_font_size=&#8221;31px&#8221; text_orientation=&#8221;right&#8221; custom_margin=&#8221;-3px||-3px||false|false&#8221; custom_margin_tablet=&#8221;-3px||-3px||false|false&#8221; custom_margin_phone=&#8221;-3px||-3px||false|false&#8221; custom_margin_last_edited=&#8221;on|desktop&#8221; custom_padding=&#8221;||||false|false&#8221; global_colors_info=&#8221;{}&#8221;]<\/p>\n<h1 style=\"text-align: left;\"><strong>D&#8217;o\u00f9 venez-vous ?<\/strong><\/h1>\n<p>[\/et_pb_text][et_pb_text _builder_version=&#8221;4.24.0&#8243; _module_preset=&#8221;96ea6c3f-da0a-4845-a93b-718ea27e372b&#8221; text_font=&#8221;||||||||&#8221; text_text_color=&#8221;#456D72&#8243; header_text_color=&#8221;#c47360&#8243; custom_margin=&#8221;||||false|false&#8221; custom_padding=&#8221;||||false|false&#8221; global_colors_info=&#8221;{}&#8221;]<\/p>\n<div class=\"x_gmail_default\" style=\"border: 0px; font-style: inherit; font-variant: inherit; font-weight: inherit; font-stretch: inherit; font-size: inherit; line-height: inherit; font-family: tahoma, sans-serif; font-optical-sizing: inherit; font-kerning: inherit; font-feature-settings: inherit; font-variation-settings: inherit; margin: 0px; padding: 0px; vertical-align: baseline; color: inherit; text-align: justify;\">\n<p>&#8220;Cela fait 13 ans que j&#8217;accompagne les transformations au sein des entreprises. Apr\u00e8s une premi\u00e8re carri\u00e8re \u00e0 la sortie de l&#8217;Agro Paris, dans le monde viticole, j&#8217;ai d\u00e9cid\u00e9 de changer de voie.<\/p>\n<p>Mon parcours m&#8217;a amen\u00e9 \u00e0 accompagner de grands groupes ainsi que des petites et moyennes entreprises, dans des secteurs tels que les t\u00e9l\u00e9communications, la technologie, le luxe, l&#8217;\u00e9ducation, l&#8217;\u00e9nergie, la presse, les produits de grande consommation et l&#8217;agroalimentaire. J&#8217;ai travaill\u00e9 en France, en Inde et \u00e0 Singapour.<\/p>\n<p>Mes exp\u00e9riences ont toutes \u00e9t\u00e9 centr\u00e9es sur la capacit\u00e9 des \u00e9quipes \u00e0 collaborer. Quand j&#8217;ai accompagn\u00e9 le changement, c&#8217;\u00e9tait dans l&#8217;intention de faciliter la collaboration entre les acteurs pour que les changements s&#8217;installent r\u00e9ellement sur le terrain. Quand j&#8217;ai facilit\u00e9 de grands ateliers collaboratifs pour r\u00e9soudre des probl\u00e8mes complexes, c&#8217;\u00e9tait avec une confiance aveugle dans le pouvoir du collectif. &#8220;Seul on va plus vite, ensemble on va plus loin!<span style=\"color: inherit; font-size: 16px; font-style: inherit; font-variant-ligatures: inherit; font-variant-caps: inherit; font-weight: inherit;\">&#8220;<\/span><\/p>\n<ul><\/ul>\n<\/div>\n<div class=\"x_gmail_default\" style=\"border: 0px; font-style: inherit; font-variant: inherit; font-weight: inherit; font-stretch: inherit; font-size: inherit; line-height: inherit; font-family: tahoma, sans-serif; font-optical-sizing: inherit; font-kerning: inherit; font-feature-settings: inherit; font-variation-settings: inherit; margin: 0px; padding: 0px; vertical-align: baseline; color: inherit;\"><\/div>\n<p>[\/et_pb_text][et_pb_image src=&#8221;http:\/\/hestia-facilitation.com\/wp-content\/uploads\/2024\/01\/coaching-1.png&#8221; title_text=&#8221;coaching-1&#8243; _builder_version=&#8221;4.20.0&#8243; _module_preset=&#8221;default&#8221; positioning=&#8221;absolute&#8221; position_origin_a=&#8221;bottom_left&#8221; vertical_offset=&#8221;-5%&#8221; horizontal_offset=&#8221;-15%&#8221; z_index=&#8221;-1&#8243; width=&#8221;70%&#8221; global_colors_info=&#8221;{}&#8221;][\/et_pb_image][\/et_pb_column][et_pb_column type=&#8221;1_2&#8243; _builder_version=&#8221;4.20.0&#8243; _module_preset=&#8221;default&#8221; global_colors_info=&#8221;{}&#8221;][et_pb_image src=&#8221;http:\/\/hestia-facilitation.com\/wp-content\/uploads\/2024\/01\/marie-didier-laurent-scaled.jpg&#8221; alt=&#8221;Tournesol au soleil couchant&#8221; title_text=&#8221;marie-didier-laurent&#8221; _builder_version=&#8221;4.24.0&#8243; _module_preset=&#8221;default&#8221; width=&#8221;90%&#8221; max_width=&#8221;93%&#8221; max_height=&#8221;1000px&#8221; max_height_tablet=&#8221;300px&#8221; max_height_phone=&#8221;300px&#8221; max_height_last_edited=&#8221;on|tablet&#8221; custom_margin=&#8221;||||false|false&#8221; custom_margin_tablet=&#8221;||||false|false&#8221; custom_margin_phone=&#8221;||||false|false&#8221; custom_margin_last_edited=&#8221;on|desktop&#8221; animation_style=&#8221;zoom&#8221; animation_duration=&#8221;1200ms&#8221; border_radii=&#8221;on|150px|150px|150px|150px&#8221; locked=&#8221;off&#8221; global_colors_info=&#8221;{}&#8221;][\/et_pb_image][\/et_pb_column][\/et_pb_row][et_pb_row _builder_version=&#8221;4.24.0&#8243; _module_preset=&#8221;default&#8221; custom_margin=&#8221;-40px|auto|50px|auto|false|false&#8221; custom_padding=&#8221;||6px||false|false&#8221; global_colors_info=&#8221;{}&#8221;][et_pb_column type=&#8221;4_4&#8243; _builder_version=&#8221;4.24.0&#8243; _module_preset=&#8221;default&#8221; global_colors_info=&#8221;{}&#8221;][et_pb_text _builder_version=&#8221;4.24.0&#8243; _module_preset=&#8221;ff2381cd-be24-4457-8e34-a78d1f029f1b&#8221; text_text_color=&#8221;#456D72&#8243; text_font_size=&#8221;14px&#8221; header_font=&#8221;Belleza||||||||&#8221; header_text_color=&#8221;#456D72&#8243; header_font_size=&#8221;31px&#8221; text_orientation=&#8221;right&#8221; custom_margin=&#8221;-3px||-3px||false|false&#8221; custom_margin_tablet=&#8221;-3px||-3px||false|false&#8221; custom_margin_phone=&#8221;-3px||-3px||false|false&#8221; custom_margin_last_edited=&#8221;on|desktop&#8221; custom_padding=&#8221;||||false|false&#8221; global_colors_info=&#8221;{}&#8221;]<\/p>\n<h1 style=\"text-align: left;\"><strong>Quelles sont vos valeurs?<\/strong><\/h1>\n<p>[\/et_pb_text][et_pb_text _builder_version=&#8221;4.24.0&#8243; _module_preset=&#8221;default&#8221; text_font=&#8221;||||||||&#8221; text_text_color=&#8221;#456D72&#8243; text_font_size=&#8221;16px&#8221; header_text_color=&#8221;#c47360&#8243; custom_margin=&#8221;||||false|false&#8221; custom_padding=&#8221;||||false|false&#8221; global_colors_info=&#8221;{}&#8221;]<\/p>\n<p><strong>&#8220;Libert\u00e9 d&#8217;action<\/strong> : Mon accompagnement en tant que facilitatrice repose sur le principe que chacun est libre de d\u00e9cider de ses actions. Tout ce que je peux faire, c&#8217;est cr\u00e9er l&#8217;environnement propice \u00e0 l&#8217;aider. Le reste du chemin, c&#8217;est \u00e0 chacun de le faire.<\/p>\n<p><strong>Collaboration<\/strong> : La collaboration est cl\u00e9. C&#8217;est dans l&#8217;intelligence collective, repr\u00e9sent\u00e9e par la collaboration, que se trouvent des tr\u00e9sors d&#8217;id\u00e9es, de motivation et de points de vue qui permettront au groupe d&#8217;avancer. &#8220;Seul on va plus vite, ensemble on va plus loin&#8221; est une maxime souvent reprise, et pour cause ! Elle est tellement vraie. Parfois, on a l&#8217;impression de perdre son temps lorsque l&#8217;on souhaite aller vite. Mais si on est seul \u00e0 vouloir aller vite, on n&#8217;ira pas bien loin&#8230;<\/p>\n<p><strong>Bienveillance &amp; Confiance<\/strong> : Ce sont deux ingr\u00e9dients importants pour la r\u00e9ussite des moments collectifs.<\/p>\n<p><strong>Ancrage<\/strong> : On obtiendra le meilleur de chacun dans un atelier collaboratif si chacun est &#8220;ancr\u00e9&#8221; : il sait pourquoi il est l\u00e0, il sait quelle valeur il a dans le groupe, alors il pourra contribuer \u00e0 sa plus haute valeur.<strong><\/strong><span style=\"font-size: 16px;\">&#8220;<\/span><\/p>\n<p>[\/et_pb_text][\/et_pb_column][\/et_pb_row][et_pb_row _builder_version=&#8221;4.24.0&#8243; _module_preset=&#8221;default&#8221; custom_margin=&#8221;-40px|auto|50px|auto|false|false&#8221; custom_padding=&#8221;||6px||false|false&#8221; global_colors_info=&#8221;{}&#8221;][et_pb_column type=&#8221;4_4&#8243; _builder_version=&#8221;4.24.0&#8243; _module_preset=&#8221;default&#8221; global_colors_info=&#8221;{}&#8221;][et_pb_text _builder_version=&#8221;4.24.0&#8243; _module_preset=&#8221;ff2381cd-be24-4457-8e34-a78d1f029f1b&#8221; text_text_color=&#8221;#456D72&#8243; text_font_size=&#8221;14px&#8221; header_font=&#8221;Belleza||||||||&#8221; header_text_color=&#8221;#456D72&#8243; header_font_size=&#8221;31px&#8221; text_orientation=&#8221;right&#8221; custom_margin=&#8221;-3px||-3px||false|false&#8221; custom_margin_tablet=&#8221;-3px||-3px||false|false&#8221; custom_margin_phone=&#8221;-3px||-3px||false|false&#8221; custom_margin_last_edited=&#8221;on|desktop&#8221; custom_padding=&#8221;||||false|false&#8221; global_colors_info=&#8221;{}&#8221;]<\/p>\n<h1 style=\"text-align: left;\"><strong>Pourquoi Hestia ?<\/strong><\/h1>\n<p>[\/et_pb_text][et_pb_text _builder_version=&#8221;4.24.0&#8243; _module_preset=&#8221;default&#8221; text_font=&#8221;||||||||&#8221; text_text_color=&#8221;#456D72&#8243; text_font_size=&#8221;16px&#8221; header_text_color=&#8221;#c47360&#8243; custom_margin=&#8221;||||false|false&#8221; custom_padding=&#8221;||||false|false&#8221; global_colors_info=&#8221;{}&#8221;]<\/p>\n<p>&#8220;Hestia est une d\u00e9esse grecque, la d\u00e9esse du foyer et du feu sacr\u00e9.<\/p>\n<p><strong>Le foyer<\/strong> est une m\u00e9taphore que j&#8217;utilise souvent dans mes ateliers, ce que j&#8217;appelle &#8220;le retour \u00e0 la maison&#8221;. Souvent, lors d&#8217;un atelier ou d&#8217;un s\u00e9minaire, nous explorons, apprenons de nouvelles choses et ouvrons le champ des possibles. Mais tout cela n&#8217;a de sens que lorsque nous prenons le temps de revenir dans notre cercle, au sein de notre \u00e9quipe, pour int\u00e9grer ces apprentissages et prendre des d\u00e9cisions d\u00e9cisives pour la suite. Le foyer est \u00e9galement une fa\u00e7on de parler de ce moment hors du quotidien qu&#8217;est un s\u00e9minaire, un moment qui permet de se ressourcer, de revenir \u00e0 la base et de trouver une nouvelle \u00e9nergie pour mieux repartir.<\/p>\n<p><strong>Le feu<\/strong> est tout d&#8217;abord la lumi\u00e8re qui guide les gens. Cela fait un parall\u00e8le avec mon r\u00f4le de facilitatrice : donner de la lumi\u00e8re pour guider les gens sur le chemin.&#8221;<\/p>\n<p>&nbsp;<\/p>\n<p>[\/et_pb_text][\/et_pb_column][\/et_pb_row][et_pb_row _builder_version=&#8221;4.24.0&#8243; _module_preset=&#8221;default&#8221; custom_margin=&#8221;-40px|auto||auto||&#8221; global_colors_info=&#8221;{}&#8221;][et_pb_column type=&#8221;4_4&#8243; _builder_version=&#8221;4.24.0&#8243; _module_preset=&#8221;default&#8221; global_colors_info=&#8221;{}&#8221;][et_pb_text _builder_version=&#8221;4.24.0&#8243; _module_preset=&#8221;ff2381cd-be24-4457-8e34-a78d1f029f1b&#8221; text_text_color=&#8221;#456D72&#8243; text_font_size=&#8221;14px&#8221; header_font=&#8221;Belleza||||||||&#8221; header_text_color=&#8221;#456D72&#8243; header_font_size=&#8221;31px&#8221; text_orientation=&#8221;right&#8221; custom_margin=&#8221;-3px||-3px||false|false&#8221; custom_margin_tablet=&#8221;-3px||-3px||false|false&#8221; custom_margin_phone=&#8221;-3px||-3px||false|false&#8221; custom_margin_last_edited=&#8221;on|desktop&#8221; custom_padding=&#8221;||||false|false&#8221; global_colors_info=&#8221;{}&#8221;]<\/p>\n<h1 style=\"text-align: left;\"><strong>Comment d\u00e9cririez vous votre approche ?<\/strong><\/h1>\n<p>[\/et_pb_text][et_pb_text _builder_version=&#8221;4.24.0&#8243; _module_preset=&#8221;default&#8221; text_font=&#8221;||||||||&#8221; text_text_color=&#8221;#456D72&#8243; text_font_size=&#8221;16px&#8221; header_text_color=&#8221;#c47360&#8243; custom_margin=&#8221;||||false|false&#8221; custom_padding=&#8221;||||false|false&#8221; global_colors_info=&#8221;{}&#8221;]<\/p>\n<p><span>&#8220;J&#8217;ai la conviction qu&#8217;en installant le bon environnement, en facilitant les bonnes conversations et en regroupant les bonnes personnes, l&#8217;intelligence collective peut vous faire gravir ce qui semblait \u00eatre une montagne au d\u00e9but ! C&#8217;est pourquoi je vous accompagne sur ces 3 piliers pour cr\u00e9er des moments collectifs forts et inspirants. <\/span><\/p>\n<p><span><strong>Pour avoir les bonnes conversations<\/strong>, il faut passer du temps ensemble \u00e0 d\u00e9crypter vos enjeux et vos &#8220;probl\u00e8mes&#8221;. Il faut aussi aller s&#8217;inspirer du terrain, interviewer vos \u00e9quipes, r\u00e9colter les points de vue. <\/span><\/p>\n<p><span><strong>Pour avoir les bonnes personnes<\/strong>, il faut parfois se challenger un peu ! Parfois cela peut vouloir dire qu&#8217;on accepte de faire venir nos clients pour avoir de vrais \u00e9changes transparents, ou que l&#8217;on choisit de faire confiance \u00e0 des parties prenantes externes \u00e0 notre organisation pour co-construire avec nous. Mais parfois on a besoin de se retrouver en cercles plus restreints. Les bonnes personnes pour les bons \u00e9changes ! <\/span><\/p>\n<p><span><strong>Pour avoir le bon environnement<\/strong>, on fait preuve de cr\u00e9ativit\u00e9 dans l&#8217;utilisation et l&#8217;am\u00e9nagement de l&#8217;espace. Et on fait preuve de flexibilit\u00e9 quant aux \u00e9volutions pendant la journ\u00e9e. Quand un participant entre dans un lieu am\u00e9nag\u00e9 pour avoir de l&#8217;impact, cela peut changer la donne !&#8221;<\/span><\/p>\n<p>[\/et_pb_text][et_pb_button button_url=&#8221;mailto:marie_collaboration@gmail.com&#8221; button_text=&#8221;Prendre rendez-vous&#8221; button_alignment=&#8221;center&#8221; _builder_version=&#8221;4.24.0&#8243; _module_preset=&#8221;e71ac5ee-8bde-41a8-8168-138d5899c95d&#8221; button_bg_color=&#8221;#77989F&#8221; background_layout=&#8221;dark&#8221; custom_margin=&#8221;3px||-1px||false|false&#8221; locked=&#8221;off&#8221; global_colors_info=&#8221;{}&#8221;][\/et_pb_button][\/et_pb_column][\/et_pb_row][\/et_pb_section]<\/p>\n","protected":false},"excerpt":{"rendered":"<p>Marie DIDIER-LAURENTFacilitatrice d&#8217;intelligence collectiveD&#8217;o\u00f9 venez-vous ? &#8220;Cela fait 13 ans que j&#8217;accompagne les transformations au sein des entreprises. Apr\u00e8s une premi\u00e8re carri\u00e8re \u00e0 la sortie de l&#8217;Agro Paris, dans le monde viticole, j&#8217;ai d\u00e9cid\u00e9 de changer de voie. Mon parcours m&#8217;a amen\u00e9 \u00e0 accompagner de grands groupes ainsi que des petites et moyennes entreprises, dans [&hellip;]<\/p>\n","protected":false},"author":1,"featured_media":0,"parent":0,"menu_order":0,"comment_status":"closed","ping_status":"closed","template":"","meta":{"_et_pb_use_builder":"on","_et_pb_old_content":"","_et_gb_content_width":"","footnotes":""},"class_list":["post-52","page","type-page","status-publish","hentry"],"_links":{"self":[{"href":"https:\/\/hestia-facilitation.com\/index.php\/wp-json\/wp\/v2\/pages\/52","targetHints":{"allow":["GET"]}}],"collection":[{"href":"https:\/\/hestia-facilitation.com\/index.php\/wp-json\/wp\/v2\/pages"}],"about":[{"href":"https:\/\/hestia-facilitation.com\/index.php\/wp-json\/wp\/v2\/types\/page"}],"author":[{"embeddable":true,"href":"https:\/\/hestia-facilitation.com\/index.php\/wp-json\/wp\/v2\/users\/1"}],"replies":[{"embeddable":true,"href":"https:\/\/hestia-facilitation.com\/index.php\/wp-json\/wp\/v2\/comments?post=52"}],"version-history":[{"count":13,"href":"https:\/\/hestia-facilitation.com\/index.php\/wp-json\/wp\/v2\/pages\/52\/revisions"}],"predecessor-version":[{"id":379,"href":"https:\/\/hestia-facilitation.com\/index.php\/wp-json\/wp\/v2\/pages\/52\/revisions\/379"}],"wp:attachment":[{"href":"https:\/\/hestia-facilitation.com\/index.php\/wp-json\/wp\/v2\/media?parent=52"}],"curies":[{"name":"wp","href":"https:\/\/api.w.org\/{rel}","templated":true}]}}